{"id":422,"date":"2023-09-26T09:44:48","date_gmt":"2023-09-26T09:44:48","guid":{"rendered":"https:\/\/cobrayachtsadriatic.eu\/?page_id=422"},"modified":"2023-10-17T21:04:47","modified_gmt":"2023-10-17T19:04:47","slug":"home","status":"publish","type":"page","link":"https:\/\/cobrayachtsadriatic.eu\/hr\/","title":{"rendered":"Naslovna"},"content":{"rendered":"<p><div class=\"fusion-fullwidth fullwidth-box fusion-builder-row-1 fusion-flex-container has-pattern-background has-mask-background nonhundred-percent-fullwidth non-hundred-percent-height-scrolling\" style=\"--awb-border-sizes-bottom:0;--awb-border-radius-top-left:0px;--awb-border-radius-top-right:0px;--awb-border-radius-bottom-right:0px;--awb-border-radius-bottom-left:0px;--awb-padding-top:40px;--awb-padding-bottom:0px;--awb-background-color:var(--awb-custom_color_1);--awb-flex-wrap:wrap;\" ><div class=\"fusion-builder-row fusion-row fusion-flex-align-items-center fusion-flex-content-wrap\" style=\"max-width:1248px;margin-left: calc(-4% \/ 2 );margin-right: calc(-4% \/ 2 );\"><div class=\"fusion-layout-column fusion_builder_column fusion-builder-column-0 fusion_builder_column_2_3 2_3 fusion-flex-column\" style=\"--awb-bg-size:cover;--awb-width-large:66.666666666667%;--awb-margin-top-large:0px;--awb-spacing-right-large:2.88%;--awb-margin-bottom-large:20px;--awb-spacing-left-large:2.88%;--awb-width-medium:66.666666666667%;--awb-order-medium:0;--awb-spacing-right-medium:2.88%;--awb-spacing-left-medium:2.88%;--awb-width-small:100%;--awb-order-small:0;--awb-spacing-right-small:1.92%;--awb-spacing-left-small:1.92%;\"><div class=\"fusion-column-wrapper fusion-column-has-shadow fusion-flex-justify-content-flex-start fusion-content-layout-column\"><div class=\"fusion-title title fusion-title-1 fusion-sep-none fusion-title-text fusion-title-size-two\" style=\"--awb-text-color:var(--awb-color3);--awb-margin-top:40px;\"><h2 class=\"fusion-title-heading title-heading-left\" style=\"margin:0;text-shadow:0px;\">O Cobra jahtama<\/h2><\/div><div class=\"fusion-text fusion-text-1\" style=\"--awb-font-size:17px;--awb-text-color:var(--awb-color1);--awb-text-font-family:&quot;Open Sans&quot;;--awb-text-font-style:normal;--awb-text-font-weight:400;\"><p>Cobra je obiteljska tvrtka s gotovo dvadeset godina iskustva u sektoru izrade luksuznih brodova. Kontinuirano pro\u0161iruju svoje kompetencije, zadr\u017eavaju\u0107i izra\u017eenu predanost kvaliteti.<\/p>\n<p>Izgradnja jahti predstavlja njihovu istinsku strast, te Cobra brodovi se ekskluzivno konstruiraju unutar njihovog brodogradili\u0161ta smje\u0161tenog u Radomsku u Poljskoj. Proces proizvodnje strogo nadzire sam vlasnik korporacije.<\/p>\n<p>Svako plovilo koja izlazi iz njihove proizvodnje pa\u017eljivo se izra\u0111uje ru\u010dno, uskla\u0111uju\u0107i se s najvi\u0161im standardima industrije. Osim toga, pridaju iznimnu pa\u017enju individualnim potrebama svakog klijenta.<\/p>\n<\/div><div ><a class=\"fusion-button button-flat fusion-button-default-size button-default fusion-button-default button-1 fusion-button-default-span fusion-button-default-type\" target=\"_self\" href=\"https:\/\/cobrayachtsadriatic.eu\/hr\/o-cobri\/\"><span class=\"fusion-button-text\">Pro\u010ditaj vi\u0161e<\/span><\/a><\/div><\/div><\/div><div class=\"fusion-layout-column fusion_builder_column fusion-builder-column-1 fusion_builder_column_1_3 1_3 fusion-flex-column\" style=\"--awb-bg-size:cover;--awb-width-large:33.333333333333%;--awb-margin-top-large:0px;--awb-spacing-right-large:5.76%;--awb-margin-bottom-large:20px;--awb-spacing-left-large:5.76%;--awb-width-medium:33.333333333333%;--awb-order-medium:0;--awb-spacing-right-medium:5.76%;--awb-spacing-left-medium:5.76%;--awb-width-small:100%;--awb-order-small:0;--awb-spacing-right-small:1.92%;--awb-spacing-left-small:1.92%;\"><div class=\"fusion-column-wrapper fusion-column-has-shadow fusion-flex-justify-content-flex-start fusion-content-layout-column\"><div class=\"fusion-image-element \" style=\"text-align:center;--awb-mask-url: url(https:\/\/cobrayachtsadriatic.eu\/wp-content\/uploads\/2023\/09\/layer-mask-09.png);--awb-mask-size: cover;--awb-caption-title-font-family:var(--h2_typography-font-family);--awb-caption-title-font-weight:var(--h2_typography-font-weight);--awb-caption-title-font-style:var(--h2_typography-font-style);--awb-caption-title-size:var(--h2_typography-font-size);--awb-caption-title-transform:var(--h2_typography-text-transform);--awb-caption-title-line-height:var(--h2_typography-line-height);--awb-caption-title-letter-spacing:var(--h2_typography-letter-spacing);\"><span class=\" fusion-imageframe imageframe-none imageframe-1 hover-type-none has-mask fusion-animated\" data-animationType=\"lightspeedin\" data-animationDuration=\"1.0\" data-animationOffset=\"top-into-view\"><img decoding=\"async\" width=\"600\" height=\"600\" title=\"cobra yacht\" src=\"https:\/\/cobrayachtsadriatic.eu\/wp-content\/uploads\/2023\/09\/cobra-yacht.png\" alt class=\"img-responsive wp-image-423\" srcset=\"https:\/\/cobrayachtsadriatic.eu\/wp-content\/uploads\/2023\/09\/cobra-yacht-200x200.png 200w, https:\/\/cobrayachtsadriatic.eu\/wp-content\/uploads\/2023\/09\/cobra-yacht-400x400.png 400w, https:\/\/cobrayachtsadriatic.eu\/wp-content\/uploads\/2023\/09\/cobra-yacht.png 600w\" sizes=\"(max-width: 640px) 100vw, 400px\" \/><\/span><\/div><\/div><\/div><div class=\"fusion-layout-column fusion_builder_column fusion-builder-column-2 fusion_builder_column_1_1 1_1 fusion-flex-column\" style=\"--awb-bg-size:cover;--awb-width-large:100%;--awb-margin-top-large:0px;--awb-spacing-right-large:1.92%;--awb-margin-bottom-large:20px;--awb-spacing-left-large:1.92%;--awb-width-medium:100%;--awb-order-medium:0;--awb-spacing-right-medium:1.92%;--awb-spacing-left-medium:1.92%;--awb-width-small:100%;--awb-order-small:0;--awb-spacing-right-small:1.92%;--awb-spacing-left-small:1.92%;\"><div class=\"fusion-column-wrapper fusion-column-has-shadow fusion-flex-justify-content-flex-start fusion-content-layout-column\"><div class=\"fusion-section-separator section-separator waves-opacity fusion-section-separator-1\" style=\"--awb-spacer-padding-top:inherit;--awb-svg-margin-left:1.92%;--awb-svg-margin-right:1.92%;--awb-svg-margin-left-medium:1.92%;--awb-svg-margin-right-medium:1.92%;--awb-svg-margin-left-small:1.92%;--awb-svg-margin-right-small:1.92%;--awb-divider-height:100px;--awb-spacer-height:100px;--awb-sep-font-size:0;--awb-sep-line-height:0;--awb-margin-bottom:-20px;\"><div class=\"fusion-section-separator-svg\"><svg class=\"fusion-waves-opacity-candy\" xmlns=\"http:\/\/www.w3.org\/2000\/svg\" version=\"1.1\" width=\"100%\" viewBox=\"0 0 1024 216\" preserveAspectRatio=\"none\" fill=\"rgba(255,255,255,1)\"><path class=\"st0\" d=\"M0 216.068h1024l.1-105.2c-14.6-3.2-30.2-5.8-47.1-7.6-178.6-19.6-279.5 56.8-464.3 41.3-206.5-17.2-248.4-128.8-455-143.8-19-1.3-38.3-.2-57.7.3v215z\"\/>\n\t\t\t\t\t\t\t\t\t\t<path class=\"st1\" d=\"M0 20.068v196.144h1024v-79.744c-22.7-6.4-47.9-11.4-76.2-14.6-178.6-19.8-272.2 53.9-457.1 38.4-206.6-17.2-197.3-124.7-403.9-139.8-27.2-2-56.6-2-86.8-.4z\"\/>\n\t\t\t\t\t\t\t\t\t\t<path class=\"st2\" d=\"M0 216.212h1024v-35.744c-45.1-15.4-95.2-27.7-150-33.7-178.6-19.8-220.6 46.8-405.4 31.3-206.6-17.2-197.8-114.7-404.4-129.7-20.4-1.5-42-2-64.2-1.7v169.544z\"\/>\n\t\t\t\t\t\t\t\t\t\t<path class=\"st3\" d=\"M0 216.312h1024v-3.044c-50.8-17.1-108.7-30.7-172.7-37.9-178.6-19.8-220 36.8-404.9 21.3-206.6-17.2-228-126.5-434.5-141.6-3.9-.3-7.9-.5-11.9-.7v161.944z\"\/>\n\t\t\t\t\t\t\t\t\t<\/svg><\/div><div class=\"fusion-section-separator-spacer\"><div class=\"fusion-section-separator-spacer-height\"><\/div><\/div><\/div><\/div><\/div><\/div><\/div><div class=\"fusion-fullwidth fullwidth-box fusion-builder-row-2 fusion-flex-container has-pattern-background has-mask-background nonhundred-percent-fullwidth non-hundred-percent-height-scrolling fusion-animated\" style=\"--awb-border-radius-top-left:0px;--awb-border-radius-top-right:0px;--awb-border-radius-bottom-right:0px;--awb-border-radius-bottom-left:0px;--awb-flex-wrap:wrap;\" data-animationType=\"zoomInUp\" data-animationDuration=\"0.9\" data-animationOffset=\"top-into-view\" ><div class=\"fusion-builder-row fusion-row fusion-flex-align-items-flex-start fusion-flex-content-wrap\" style=\"max-width:1248px;margin-left: calc(-4% \/ 2 );margin-right: calc(-4% \/ 2 );\"><div class=\"fusion-layout-column fusion_builder_column fusion-builder-column-3 fusion_builder_column_1_1 1_1 fusion-flex-column\" style=\"--awb-bg-size:cover;--awb-width-large:100%;--awb-margin-top-large:0px;--awb-spacing-right-large:1.92%;--awb-margin-bottom-large:20px;--awb-spacing-left-large:1.92%;--awb-width-medium:100%;--awb-order-medium:0;--awb-spacing-right-medium:1.92%;--awb-spacing-left-medium:1.92%;--awb-width-small:100%;--awb-order-small:0;--awb-spacing-right-small:1.92%;--awb-spacing-left-small:1.92%;\"><div class=\"fusion-column-wrapper fusion-column-has-shadow fusion-flex-justify-content-flex-start fusion-content-layout-column\"><div class=\"fusion-title title fusion-title-2 fusion-sep-none fusion-title-text fusion-title-size-two\" style=\"--awb-text-color:var(--awb-custom_color_1);--awb-margin-top:40px;\"><h2 class=\"fusion-title-heading title-heading-left\" style=\"margin:0;text-shadow:0px;\">Modeli<\/h2><\/div><\/div><\/div><div class=\"fusion-layout-column fusion_builder_column fusion-builder-column-4 fusion_builder_column_1_3 1_3 fusion-flex-column\" style=\"--awb-bg-size:cover;--awb-width-large:33.333333333333%;--awb-margin-top-large:0px;--awb-spacing-right-large:5.76%;--awb-margin-bottom-large:20px;--awb-spacing-left-large:5.76%;--awb-width-medium:33.333333333333%;--awb-order-medium:0;--awb-spacing-right-medium:5.76%;--awb-spacing-left-medium:5.76%;--awb-width-small:100%;--awb-order-small:0;--awb-spacing-right-small:1.92%;--awb-spacing-left-small:1.92%;\"><div class=\"fusion-column-wrapper fusion-column-has-shadow fusion-flex-justify-content-flex-start fusion-content-layout-column\"><div class=\"fusion-image-element \" style=\"--awb-caption-title-color:var(--awb-color1);--awb-caption-overlay-color:var(--awb-custom_color_1);--awb-caption-title-font-family:var(--h3_typography-font-family);--awb-caption-title-font-weight:var(--h3_typography-font-weight);--awb-caption-title-font-style:var(--h3_typography-font-style);--awb-caption-title-size:30px;--awb-caption-title-transform:var(--h3_typography-text-transform);--awb-caption-title-line-height:var(--h3_typography-line-height);--awb-caption-title-letter-spacing:var(--h3_typography-letter-spacing);\"><span class=\" fusion-imageframe imageframe-none imageframe-2 awb-imageframe-style awb-imageframe-style-dario\" style=\"border-radius:20px;\"><a class=\"fusion-no-lightbox\" href=\"https:\/\/cobrayachtsadriatic.eu\/hr\/futura-36\/\" target=\"_self\" aria-label=\"Futura-36-home\"><img decoding=\"async\" width=\"500\" height=\"333\" alt=\"Cobra Futura 36 \" src=\"https:\/\/cobrayachtsadriatic.eu\/wp-content\/uploads\/2023\/10\/Futura-36-home.jpg\" class=\"img-responsive wp-image-424\" srcset=\"https:\/\/cobrayachtsadriatic.eu\/wp-content\/uploads\/2023\/10\/Futura-36-home-200x133.jpg 200w, https:\/\/cobrayachtsadriatic.eu\/wp-content\/uploads\/2023\/10\/Futura-36-home-400x266.jpg 400w, https:\/\/cobrayachtsadriatic.eu\/wp-content\/uploads\/2023\/10\/Futura-36-home.jpg 500w\" sizes=\"(max-width: 640px) 100vw, 400px\" \/><div class=\"awb-imageframe-caption-container\"><div class=\"awb-imageframe-caption\"><h3 class=\"awb-imageframe-caption-title\">Futura 36<\/h3><\/div><\/div><\/a><\/span><\/div><\/div><\/div><div class=\"fusion-layout-column fusion_builder_column fusion-builder-column-5 fusion_builder_column_1_3 1_3 fusion-flex-column\" style=\"--awb-bg-size:cover;--awb-width-large:33.333333333333%;--awb-margin-top-large:0px;--awb-spacing-right-large:5.76%;--awb-margin-bottom-large:20px;--awb-spacing-left-large:5.76%;--awb-width-medium:33.333333333333%;--awb-order-medium:0;--awb-spacing-right-medium:5.76%;--awb-spacing-left-medium:5.76%;--awb-width-small:100%;--awb-order-small:0;--awb-spacing-right-small:1.92%;--awb-spacing-left-small:1.92%;\"><div class=\"fusion-column-wrapper fusion-column-has-shadow fusion-flex-justify-content-flex-start fusion-content-layout-column\"><div class=\"fusion-image-element \" style=\"--awb-caption-title-color:var(--awb-color1);--awb-caption-overlay-color:var(--awb-custom_color_1);--awb-caption-title-font-family:var(--h3_typography-font-family);--awb-caption-title-font-weight:var(--h3_typography-font-weight);--awb-caption-title-font-style:var(--h3_typography-font-style);--awb-caption-title-size:30px;--awb-caption-title-transform:var(--h3_typography-text-transform);--awb-caption-title-line-height:var(--h3_typography-line-height);--awb-caption-title-letter-spacing:var(--h3_typography-letter-spacing);\"><span class=\" fusion-imageframe imageframe-none imageframe-3 awb-imageframe-style awb-imageframe-style-dario\" style=\"border-radius:20px;\"><a class=\"fusion-no-lightbox\" href=\"https:\/\/cobrayachtsadriatic.eu\/hr\/futura-40\/\" target=\"_self\" aria-label=\"futura 40 home\"><img decoding=\"async\" width=\"500\" height=\"333\" alt=\"Futura 40\" src=\"https:\/\/cobrayachtsadriatic.eu\/wp-content\/uploads\/2023\/10\/futura-40-home.jpg\" class=\"img-responsive wp-image-401\" srcset=\"https:\/\/cobrayachtsadriatic.eu\/wp-content\/uploads\/2023\/10\/futura-40-home-200x133.jpg 200w, https:\/\/cobrayachtsadriatic.eu\/wp-content\/uploads\/2023\/10\/futura-40-home-400x266.jpg 400w, https:\/\/cobrayachtsadriatic.eu\/wp-content\/uploads\/2023\/10\/futura-40-home.jpg 500w\" sizes=\"(max-width: 640px) 100vw, 400px\" \/><div class=\"awb-imageframe-caption-container\"><div class=\"awb-imageframe-caption\"><h3 class=\"awb-imageframe-caption-title\">Futura 40 Grand Horizon<\/h3><\/div><\/div><\/a><\/span><\/div><\/div><\/div><div class=\"fusion-layout-column fusion_builder_column fusion-builder-column-6 fusion_builder_column_1_3 1_3 fusion-flex-column\" style=\"--awb-bg-size:cover;--awb-width-large:33.333333333333%;--awb-margin-top-large:0px;--awb-spacing-right-large:5.76%;--awb-margin-bottom-large:20px;--awb-spacing-left-large:5.76%;--awb-width-medium:33.333333333333%;--awb-order-medium:0;--awb-spacing-right-medium:5.76%;--awb-spacing-left-medium:5.76%;--awb-width-small:100%;--awb-order-small:0;--awb-spacing-right-small:1.92%;--awb-spacing-left-small:1.92%;\"><div class=\"fusion-column-wrapper fusion-column-has-shadow fusion-flex-justify-content-flex-start fusion-content-layout-column\"><div class=\"fusion-image-element \" style=\"--awb-caption-title-color:var(--awb-color1);--awb-caption-overlay-color:var(--awb-custom_color_1);--awb-caption-title-font-family:var(--h3_typography-font-family);--awb-caption-title-font-weight:var(--h3_typography-font-weight);--awb-caption-title-font-style:var(--h3_typography-font-style);--awb-caption-title-size:30px;--awb-caption-title-transform:var(--h3_typography-text-transform);--awb-caption-title-line-height:var(--h3_typography-line-height);--awb-caption-title-letter-spacing:var(--h3_typography-letter-spacing);\"><span class=\" fusion-imageframe imageframe-none imageframe-4 awb-imageframe-style awb-imageframe-style-dario\" style=\"border-radius:20px;\"><a class=\"fusion-no-lightbox\" href=\"https:\/\/cobrayachtsadriatic.eu\/hr\/futura-40-electric\/\" target=\"_self\" aria-label=\"futura-40-electric-home\"><img decoding=\"async\" width=\"500\" height=\"333\" alt=\"Futura 40 Electric\" src=\"https:\/\/cobrayachtsadriatic.eu\/wp-content\/uploads\/2023\/10\/futura-40-electric-home.jpg\" class=\"img-responsive wp-image-403\" srcset=\"https:\/\/cobrayachtsadriatic.eu\/wp-content\/uploads\/2023\/10\/futura-40-electric-home-200x133.jpg 200w, https:\/\/cobrayachtsadriatic.eu\/wp-content\/uploads\/2023\/10\/futura-40-electric-home-400x266.jpg 400w, https:\/\/cobrayachtsadriatic.eu\/wp-content\/uploads\/2023\/10\/futura-40-electric-home.jpg 500w\" sizes=\"(max-width: 640px) 100vw, 400px\" \/><div class=\"awb-imageframe-caption-container\"><div class=\"awb-imageframe-caption\"><h3 class=\"awb-imageframe-caption-title\">Futura 40 Electric<\/h3><\/div><\/div><\/a><\/span><\/div><\/div><\/div><div class=\"fusion-layout-column fusion_builder_column fusion-builder-column-7 fusion_builder_column_1_3 1_3 fusion-flex-column\" style=\"--awb-bg-size:cover;--awb-width-large:33.333333333333%;--awb-margin-top-large:0px;--awb-spacing-right-large:5.76%;--awb-margin-bottom-large:20px;--awb-spacing-left-large:5.76%;--awb-width-medium:33.333333333333%;--awb-order-medium:0;--awb-spacing-right-medium:5.76%;--awb-spacing-left-medium:5.76%;--awb-width-small:100%;--awb-order-small:0;--awb-spacing-right-small:1.92%;--awb-spacing-left-small:1.92%;\"><div class=\"fusion-column-wrapper fusion-column-has-shadow fusion-flex-justify-content-flex-start fusion-content-layout-column\"><div class=\"fusion-image-element \" style=\"--awb-caption-title-color:var(--awb-color1);--awb-caption-overlay-color:var(--awb-custom_color_1);--awb-caption-title-font-family:var(--h3_typography-font-family);--awb-caption-title-font-weight:var(--h3_typography-font-weight);--awb-caption-title-font-style:var(--h3_typography-font-style);--awb-caption-title-size:30px;--awb-caption-title-transform:var(--h3_typography-text-transform);--awb-caption-title-line-height:var(--h3_typography-line-height);--awb-caption-title-letter-spacing:var(--h3_typography-letter-spacing);\"><span class=\" fusion-imageframe imageframe-none imageframe-5 awb-imageframe-style awb-imageframe-style-dario\" style=\"border-radius:20px;\"><a class=\"fusion-no-lightbox\" href=\"https:\/\/cobrayachtsadriatic.eu\/hr\/maestro-42\/\" target=\"_self\" aria-label=\"maestro-42-home\"><img decoding=\"async\" width=\"500\" height=\"333\" alt=\"Maestro 42\" src=\"https:\/\/cobrayachtsadriatic.eu\/wp-content\/uploads\/2023\/10\/maestro-42-home.jpg\" class=\"img-responsive wp-image-425\" srcset=\"https:\/\/cobrayachtsadriatic.eu\/wp-content\/uploads\/2023\/10\/maestro-42-home-200x133.jpg 200w, https:\/\/cobrayachtsadriatic.eu\/wp-content\/uploads\/2023\/10\/maestro-42-home-400x266.jpg 400w, https:\/\/cobrayachtsadriatic.eu\/wp-content\/uploads\/2023\/10\/maestro-42-home.jpg 500w\" sizes=\"(max-width: 640px) 100vw, 400px\" \/><div class=\"awb-imageframe-caption-container\"><div class=\"awb-imageframe-caption\"><h3 class=\"awb-imageframe-caption-title\">Maestro 42<\/h3><\/div><\/div><\/a><\/span><\/div><\/div><\/div><div class=\"fusion-layout-column fusion_builder_column fusion-builder-column-8 fusion_builder_column_1_3 1_3 fusion-flex-column\" style=\"--awb-bg-size:cover;--awb-width-large:33.333333333333%;--awb-margin-top-large:0px;--awb-spacing-right-large:5.76%;--awb-margin-bottom-large:20px;--awb-spacing-left-large:5.76%;--awb-width-medium:33.333333333333%;--awb-order-medium:0;--awb-spacing-right-medium:5.76%;--awb-spacing-left-medium:5.76%;--awb-width-small:100%;--awb-order-small:0;--awb-spacing-right-small:1.92%;--awb-spacing-left-small:1.92%;\"><div class=\"fusion-column-wrapper fusion-column-has-shadow fusion-flex-justify-content-flex-start fusion-content-layout-column\"><div class=\"fusion-image-element \" style=\"--awb-caption-title-color:var(--awb-color1);--awb-caption-overlay-color:var(--awb-custom_color_1);--awb-caption-title-font-family:var(--h3_typography-font-family);--awb-caption-title-font-weight:var(--h3_typography-font-weight);--awb-caption-title-font-style:var(--h3_typography-font-style);--awb-caption-title-size:30px;--awb-caption-title-transform:var(--h3_typography-text-transform);--awb-caption-title-line-height:var(--h3_typography-line-height);--awb-caption-title-letter-spacing:var(--h3_typography-letter-spacing);\"><span class=\" fusion-imageframe imageframe-none imageframe-6 awb-imageframe-style awb-imageframe-style-dario\" style=\"border-radius:20px;\"><a class=\"fusion-no-lightbox\" href=\"https:\/\/cobrayachtsadriatic.eu\/hr\/seamaster-45\/\" target=\"_self\" aria-label=\"Seamaster 45 home\"><img decoding=\"async\" width=\"500\" height=\"333\" alt=\"Seamaster 45\" src=\"https:\/\/cobrayachtsadriatic.eu\/wp-content\/uploads\/2023\/10\/Seamaster-45-home.jpg\" class=\"img-responsive wp-image-408\" srcset=\"https:\/\/cobrayachtsadriatic.eu\/wp-content\/uploads\/2023\/10\/Seamaster-45-home-200x133.jpg 200w, https:\/\/cobrayachtsadriatic.eu\/wp-content\/uploads\/2023\/10\/Seamaster-45-home-400x266.jpg 400w, https:\/\/cobrayachtsadriatic.eu\/wp-content\/uploads\/2023\/10\/Seamaster-45-home.jpg 500w\" sizes=\"(max-width: 640px) 100vw, 400px\" \/><div class=\"awb-imageframe-caption-container\"><div class=\"awb-imageframe-caption\"><h3 class=\"awb-imageframe-caption-title\">Seamaster 45<\/h3><\/div><\/div><\/a><\/span><\/div><\/div><\/div><div class=\"fusion-layout-column fusion_builder_column fusion-builder-column-9 fusion_builder_column_1_3 1_3 fusion-flex-column\" style=\"--awb-bg-size:cover;--awb-width-large:33.333333333333%;--awb-margin-top-large:0px;--awb-spacing-right-large:5.76%;--awb-margin-bottom-large:20px;--awb-spacing-left-large:5.76%;--awb-width-medium:33.333333333333%;--awb-order-medium:0;--awb-spacing-right-medium:5.76%;--awb-spacing-left-medium:5.76%;--awb-width-small:100%;--awb-order-small:0;--awb-spacing-right-small:1.92%;--awb-spacing-left-small:1.92%;\"><div class=\"fusion-column-wrapper fusion-column-has-shadow fusion-flex-justify-content-flex-start fusion-content-layout-column\"><div class=\"fusion-image-element \" style=\"--awb-caption-title-color:var(--awb-color1);--awb-caption-overlay-color:var(--awb-custom_color_1);--awb-caption-title-font-family:var(--h3_typography-font-family);--awb-caption-title-font-weight:var(--h3_typography-font-weight);--awb-caption-title-font-style:var(--h3_typography-font-style);--awb-caption-title-size:30px;--awb-caption-title-transform:var(--h3_typography-text-transform);--awb-caption-title-line-height:var(--h3_typography-line-height);--awb-caption-title-letter-spacing:var(--h3_typography-letter-spacing);\"><span class=\" fusion-imageframe imageframe-none imageframe-7 awb-imageframe-style awb-imageframe-style-dario\" style=\"border-radius:20px;\"><a class=\"fusion-no-lightbox\" href=\"https:\/\/cobrayachtsadriatic.eu\/hr\/marco-polo-55\/\" target=\"_self\" aria-label=\"marco polo home\"><img decoding=\"async\" width=\"500\" height=\"333\" alt=\"Marco Polo 55\" src=\"https:\/\/cobrayachtsadriatic.eu\/wp-content\/uploads\/2023\/10\/marco-polo-home.jpg\" class=\"img-responsive wp-image-410\" srcset=\"https:\/\/cobrayachtsadriatic.eu\/wp-content\/uploads\/2023\/10\/marco-polo-home-200x133.jpg 200w, https:\/\/cobrayachtsadriatic.eu\/wp-content\/uploads\/2023\/10\/marco-polo-home-400x266.jpg 400w, https:\/\/cobrayachtsadriatic.eu\/wp-content\/uploads\/2023\/10\/marco-polo-home.jpg 500w\" sizes=\"(max-width: 640px) 100vw, 400px\" \/><div class=\"awb-imageframe-caption-container\"><div class=\"awb-imageframe-caption\"><h3 class=\"awb-imageframe-caption-title\">Marco Polo 55<\/h3><\/div><\/div><\/a><\/span><\/div><\/div><\/div><\/div><\/div><\/p>\n","protected":false},"excerpt":{"rendered":"","protected":false},"author":1,"featured_media":0,"parent":0,"menu_order":0,"comment_status":"closed","ping_status":"closed","template":"100-width.php","meta":{"_seopress_robots_primary_cat":"","_seopress_titles_title":"","_seopress_titles_desc":"","_seopress_robots_index":"","footnotes":""},"class_list":["post-422","page","type-page","status-publish","hentry"],"_links":{"self":[{"href":"https:\/\/cobrayachtsadriatic.eu\/hr\/wp-json\/wp\/v2\/pages\/422","targetHints":{"allow":["GET"]}}],"collection":[{"href":"https:\/\/cobrayachtsadriatic.eu\/hr\/wp-json\/wp\/v2\/pages"}],"about":[{"href":"https:\/\/cobrayachtsadriatic.eu\/hr\/wp-json\/wp\/v2\/types\/page"}],"author":[{"embeddable":true,"href":"https:\/\/cobrayachtsadriatic.eu\/hr\/wp-json\/wp\/v2\/users\/1"}],"replies":[{"embeddable":true,"href":"https:\/\/cobrayachtsadriatic.eu\/hr\/wp-json\/wp\/v2\/comments?post=422"}],"version-history":[{"count":9,"href":"https:\/\/cobrayachtsadriatic.eu\/hr\/wp-json\/wp\/v2\/pages\/422\/revisions"}],"predecessor-version":[{"id":592,"href":"https:\/\/cobrayachtsadriatic.eu\/hr\/wp-json\/wp\/v2\/pages\/422\/revisions\/592"}],"wp:attachment":[{"href":"https:\/\/cobrayachtsadriatic.eu\/hr\/wp-json\/wp\/v2\/media?parent=422"}],"curies":[{"name":"wp","href":"https:\/\/api.w.org\/{rel}","templated":true}]}}