{"id":439,"date":"2023-09-30T12:30:04","date_gmt":"2023-09-30T10:30:04","guid":{"rendered":"https:\/\/cobrayachtsadriatic.eu\/about\/"},"modified":"2023-10-16T22:51:13","modified_gmt":"2023-10-16T20:51:13","slug":"o-cobri","status":"publish","type":"page","link":"https:\/\/cobrayachtsadriatic.eu\/hr\/o-cobri\/","title":{"rendered":"O Cobri"},"content":{"rendered":"<p><header class=\"fusion-fullwidth fullwidth-box fusion-builder-row-1 fusion-flex-container has-pattern-background has-mask-background fusion-parallax-none nonhundred-percent-fullwidth non-hundred-percent-height-scrolling\" style=\"--awb-border-radius-top-left:0px;--awb-border-radius-top-right:0px;--awb-border-radius-bottom-right:0px;--awb-border-radius-bottom-left:0px;--awb-background-image:linear-gradient(180deg, rgba(0,101,143,0.35) 0%,rgba(0,101,143,0.35) 100%),url(https:\/\/cobrayachtsadriatic.eu\/wp-content\/uploads\/2023\/09\/seasmaster-yacht-cobra.jpg);;--awb-background-size:cover;--awb-flex-wrap:wrap;\" ><div class=\"fusion-builder-row fusion-row fusion-flex-align-items-flex-start fusion-flex-content-wrap\" style=\"max-width:1248px;margin-left: calc(-4% \/ 2 );margin-right: calc(-4% \/ 2 );\"><div class=\"fusion-layout-column fusion_builder_column fusion-builder-column-0 fusion_builder_column_1_1 1_1 fusion-flex-column\" style=\"--awb-bg-size:cover;--awb-width-large:100%;--awb-margin-top-large:0px;--awb-spacing-right-large:1.92%;--awb-margin-bottom-large:20px;--awb-spacing-left-large:1.92%;--awb-width-medium:100%;--awb-order-medium:0;--awb-spacing-right-medium:1.92%;--awb-spacing-left-medium:1.92%;--awb-width-small:100%;--awb-order-small:0;--awb-spacing-right-small:1.92%;--awb-spacing-left-small:1.92%;\"><div class=\"fusion-column-wrapper fusion-column-has-shadow fusion-flex-justify-content-flex-start fusion-content-layout-column\"><div class=\"fusion-title title fusion-title-1 fusion-sep-none fusion-title-text fusion-title-size-one\" style=\"--awb-text-color:var(--awb-color2);--awb-margin-top:200px;--awb-margin-bottom:200px;--awb-margin-top-small:100px;--awb-margin-bottom-small:100px;--awb-font-size:50px;\"><h1 class=\"fusion-title-heading title-heading-left\" style=\"margin:0;font-size:1em;\">O Cobri<\/h1><\/div><div class=\"fusion-section-separator section-separator waves-opacity fusion-section-separator-1\" style=\"--awb-spacer-padding-top:inherit;--awb-svg-margin-left:1.92%;--awb-svg-margin-right:1.92%;--awb-svg-margin-left-medium:1.92%;--awb-svg-margin-right-medium:1.92%;--awb-svg-margin-left-small:1.92%;--awb-svg-margin-right-small:1.92%;--awb-divider-height:80px;--awb-spacer-height:80px;--awb-sep-font-size:0;--awb-sep-line-height:0;--awb-margin-bottom:-20px;\"><div class=\"fusion-section-separator-svg\"><svg class=\"fusion-waves-opacity-candy\" xmlns=\"http:\/\/www.w3.org\/2000\/svg\" version=\"1.1\" width=\"100%\" viewBox=\"0 0 1024 216\" preserveAspectRatio=\"none\" fill=\"rgba(255,255,255,1)\"><path class=\"st0\" d=\"M0 216.068h1024l.1-105.2c-14.6-3.2-30.2-5.8-47.1-7.6-178.6-19.6-279.5 56.8-464.3 41.3-206.5-17.2-248.4-128.8-455-143.8-19-1.3-38.3-.2-57.7.3v215z\"\/>\n\t\t\t\t\t\t\t\t\t\t<path class=\"st1\" d=\"M0 20.068v196.144h1024v-79.744c-22.7-6.4-47.9-11.4-76.2-14.6-178.6-19.8-272.2 53.9-457.1 38.4-206.6-17.2-197.3-124.7-403.9-139.8-27.2-2-56.6-2-86.8-.4z\"\/>\n\t\t\t\t\t\t\t\t\t\t<path class=\"st2\" d=\"M0 216.212h1024v-35.744c-45.1-15.4-95.2-27.7-150-33.7-178.6-19.8-220.6 46.8-405.4 31.3-206.6-17.2-197.8-114.7-404.4-129.7-20.4-1.5-42-2-64.2-1.7v169.544z\"\/>\n\t\t\t\t\t\t\t\t\t\t<path class=\"st3\" d=\"M0 216.312h1024v-3.044c-50.8-17.1-108.7-30.7-172.7-37.9-178.6-19.8-220 36.8-404.9 21.3-206.6-17.2-228-126.5-434.5-141.6-3.9-.3-7.9-.5-11.9-.7v161.944z\"\/>\n\t\t\t\t\t\t\t\t\t<\/svg><\/div><div class=\"fusion-section-separator-spacer\"><div class=\"fusion-section-separator-spacer-height\"><\/div><\/div><\/div><\/div><\/div><\/div><\/header><div class=\"fusion-fullwidth fullwidth-box fusion-builder-row-2 fusion-flex-container has-pattern-background has-mask-background nonhundred-percent-fullwidth non-hundred-percent-height-scrolling\" style=\"--awb-border-radius-top-left:0px;--awb-border-radius-top-right:0px;--awb-border-radius-bottom-right:0px;--awb-border-radius-bottom-left:0px;--awb-margin-top:40px;--awb-flex-wrap:wrap;\" ><div class=\"fusion-builder-row fusion-row fusion-flex-align-items-center fusion-flex-content-wrap\" style=\"max-width:1248px;margin-left: calc(-4% \/ 2 );margin-right: calc(-4% \/ 2 );\"><div class=\"fusion-layout-column fusion_builder_column fusion-builder-column-1 fusion_builder_column_2_3 2_3 fusion-flex-column\" style=\"--awb-bg-size:cover;--awb-width-large:66.666666666667%;--awb-margin-top-large:0px;--awb-spacing-right-large:2.88%;--awb-margin-bottom-large:20px;--awb-spacing-left-large:2.88%;--awb-width-medium:66.666666666667%;--awb-order-medium:0;--awb-spacing-right-medium:2.88%;--awb-spacing-left-medium:2.88%;--awb-width-small:100%;--awb-order-small:0;--awb-spacing-right-small:1.92%;--awb-spacing-left-small:1.92%;\"><div class=\"fusion-column-wrapper fusion-column-has-shadow fusion-flex-justify-content-flex-start fusion-content-layout-column\"><div class=\"fusion-text fusion-text-1\"><p>Cobra je obiteljska tvrtka s gotovo dvadeset godina iskustva u sektoru izrade luksuznih brodova. Kontinuirano pro\u0161iruju svoje kompetencije, zadr\u017eavaju\u0107i izra\u017eenu predanost kvaliteti.<\/p>\n<p>Izgradnja jahti predstavlja njihovu istinsku strast, te Cobra brodovi se ekskluzivno konstruiraju unutar njihovog brodogradili\u0161ta smje\u0161tenog u Radomsku u Poljskoj. Proces proizvodnje strogo nadzire sam vlasnik korporacije.<\/p>\n<p>Svako plovilo koja izlazi iz njihove proizvodnje pa\u017eljivo se izra\u0111uje ru\u010dno, uskla\u0111uju\u0107i se s najvi\u0161im standardima industrije. Osim toga, pridaju iznimnu pa\u017enju individualnim potrebama svakog klijenta.Za razliku od drugih tvrtki, oni ne nude unaprijed definirane &#8216;pakete&#8217; u svojim cjenicima. Umjesto toga, kupci imaju slobodu samostalno odabrati svaki komad opreme.<\/p>\n<p>Ova razina prilagodbe omogu\u0107uje korisnicima da konfiguriraju svoju jahtu prema svojim to\u010dnim specifikacijama i snovima. Misija tvrtke je u\u010diniti ove snove stvarno\u0161\u0107u za svoje kupce.<\/p>\n<\/div><\/div><\/div><div class=\"fusion-layout-column fusion_builder_column fusion-builder-column-2 fusion_builder_column_1_3 1_3 fusion-flex-column\" style=\"--awb-bg-size:cover;--awb-width-large:33.333333333333%;--awb-margin-top-large:0px;--awb-spacing-right-large:5.76%;--awb-margin-bottom-large:20px;--awb-spacing-left-large:5.76%;--awb-width-medium:33.333333333333%;--awb-order-medium:0;--awb-spacing-right-medium:5.76%;--awb-spacing-left-medium:5.76%;--awb-width-small:100%;--awb-order-small:0;--awb-spacing-right-small:1.92%;--awb-spacing-left-small:1.92%;\"><div class=\"fusion-column-wrapper fusion-column-has-shadow fusion-flex-justify-content-flex-start fusion-content-layout-column\"><div class=\"fusion-image-element \" style=\"--awb-caption-title-font-family:var(--h2_typography-font-family);--awb-caption-title-font-weight:var(--h2_typography-font-weight);--awb-caption-title-font-style:var(--h2_typography-font-style);--awb-caption-title-size:var(--h2_typography-font-size);--awb-caption-title-transform:var(--h2_typography-text-transform);--awb-caption-title-line-height:var(--h2_typography-line-height);--awb-caption-title-letter-spacing:var(--h2_typography-letter-spacing);\"><span class=\" fusion-imageframe imageframe-none imageframe-1 hover-type-none fusion-animated\" data-animationType=\"slideInRight\" data-animationDuration=\"0.7\" data-animationOffset=\"top-into-view\"><img decoding=\"async\" width=\"800\" height=\"534\" title=\"about_new\" src=\"https:\/\/cobrayachtsadriatic.eu\/wp-content\/uploads\/2023\/09\/about_new.jpg\" alt class=\"img-responsive wp-image-442\" srcset=\"https:\/\/cobrayachtsadriatic.eu\/wp-content\/uploads\/2023\/09\/about_new-200x134.jpg 200w, https:\/\/cobrayachtsadriatic.eu\/wp-content\/uploads\/2023\/09\/about_new-400x267.jpg 400w, https:\/\/cobrayachtsadriatic.eu\/wp-content\/uploads\/2023\/09\/about_new-600x401.jpg 600w, https:\/\/cobrayachtsadriatic.eu\/wp-content\/uploads\/2023\/09\/about_new.jpg 800w\" sizes=\"(max-width: 640px) 100vw, 400px\" \/><\/span><\/div><\/div><\/div><\/div><\/div><div class=\"fusion-fullwidth fullwidth-box fusion-builder-row-3 fusion-flex-container has-pattern-background has-mask-background fusion-parallax-fixed nonhundred-percent-fullwidth non-hundred-percent-height-scrolling\" style=\"--awb-border-radius-top-left:0px;--awb-border-radius-top-right:0px;--awb-border-radius-bottom-right:0px;--awb-border-radius-bottom-left:0px;--awb-padding-top:40px;--awb-padding-bottom:40px;--awb-background-image:linear-gradient(180deg, rgba(0,101,143,0.76) 0%,rgba(0,101,143,0.76) 100%),url(https:\/\/cobrayachtsadriatic.eu\/wp-content\/uploads\/2023\/09\/about-prx.jpg);;--awb-background-size:cover;--awb-flex-wrap:wrap;background-attachment:fixed;\" ><div class=\"fusion-builder-row fusion-row fusion-flex-align-items-flex-start fusion-flex-content-wrap\" style=\"max-width:1248px;margin-left: calc(-4% \/ 2 );margin-right: calc(-4% \/ 2 );\"><div class=\"fusion-layout-column fusion_builder_column fusion-builder-column-3 fusion_builder_column_1_1 1_1 fusion-flex-column\" style=\"--awb-bg-size:cover;--awb-width-large:100%;--awb-margin-top-large:0px;--awb-spacing-right-large:1.92%;--awb-margin-bottom-large:20px;--awb-spacing-left-large:1.92%;--awb-width-medium:100%;--awb-order-medium:0;--awb-spacing-right-medium:1.92%;--awb-spacing-left-medium:1.92%;--awb-width-small:100%;--awb-order-small:0;--awb-spacing-right-small:1.92%;--awb-spacing-left-small:1.92%;\"><div class=\"fusion-column-wrapper fusion-column-has-shadow fusion-flex-justify-content-flex-start fusion-content-layout-column\"><div class=\"fusion-title title fusion-title-2 fusion-sep-none fusion-title-text fusion-title-size-two\" style=\"--awb-text-color:var(--awb-color1);\"><h2 class=\"fusion-title-heading title-heading-left\" style=\"margin:0;\">Vrijednosti tvrtke<\/h2><\/div><\/div><\/div><div class=\"fusion-layout-column fusion_builder_column fusion-builder-column-4 fusion_builder_column_1_2 1_2 fusion-flex-column\" style=\"--awb-bg-size:cover;--awb-width-large:50%;--awb-margin-top-large:0px;--awb-spacing-right-large:3.84%;--awb-margin-bottom-large:20px;--awb-spacing-left-large:3.84%;--awb-width-medium:50%;--awb-order-medium:0;--awb-spacing-right-medium:3.84%;--awb-spacing-left-medium:3.84%;--awb-width-small:100%;--awb-order-small:0;--awb-spacing-right-small:1.92%;--awb-spacing-left-small:1.92%;\"><div class=\"fusion-column-wrapper fusion-column-has-shadow fusion-flex-justify-content-flex-start fusion-content-layout-column\"><div class=\"fusion-text fusion-text-2\" style=\"--awb-text-color:var(--awb-color1);\"><p><strong>SAVR\u0160ENA RAVNOTE\u017dA<\/strong><\/p>\n<p>Tvrtka te\u017ei stvaranju brodova koji posti\u017eu idealnu ravnote\u017eu izme\u0111u performansi i udobnosti.<\/p>\n<p><strong>INDIVIDUALIZAM<\/strong><\/p>\n<p>Cobra Yachts se dr\u017ei tradicionalnih vrijednosti izra\u0111uju\u0107i svaki od svojih brodova prema jedinstvenim potrebama svojih kupaca. Ne nude gotove dodatne zna\u010dajke, omogu\u0107avaju\u0107i kupcima prilagodbu svojeg Cobra broda kako bi odgovarao njihovoj posebnoj viziji snova.<\/p>\n<\/div><\/div><\/div><div class=\"fusion-layout-column fusion_builder_column fusion-builder-column-5 fusion_builder_column_1_2 1_2 fusion-flex-column\" style=\"--awb-bg-size:cover;--awb-width-large:50%;--awb-margin-top-large:0px;--awb-spacing-right-large:3.84%;--awb-margin-bottom-large:20px;--awb-spacing-left-large:3.84%;--awb-width-medium:50%;--awb-order-medium:0;--awb-spacing-right-medium:3.84%;--awb-spacing-left-medium:3.84%;--awb-width-small:100%;--awb-order-small:0;--awb-spacing-right-small:1.92%;--awb-spacing-left-small:1.92%;\"><div class=\"fusion-column-wrapper fusion-column-has-shadow fusion-flex-justify-content-flex-start fusion-content-layout-column\"><div class=\"fusion-text fusion-text-3\" style=\"--awb-text-color:var(--awb-color2);\"><p><strong>KVALITETA<\/strong><\/p>\n<p>Kvaliteta je ne\u0161to s \u010dime ne radime kompromise u Cobra Yachts. Oni osiguravaju da svako plovilo koje napu\u0161ta njihovo brodogradili\u0161te bude podvrgnuto pa\u017eljivom pregledu do najsitnijeg detalja.<\/p>\n<p><strong>SIGURNOST<\/strong><\/p>\n<p>U kombinaciji sa\u00a0 posve\u0107eno\u0161\u0107u kvaliteti, sigurnost je od najve\u0107eg zna\u010daja pri plovidbi otvorenim morima ili jezerima. Cobra Yachts koristi visokokvalitetne komponente i ne ostavlja ni\u0161ta slu\u010daju pri izgradnji svojih brodova kako bi osigurali sigurnost svojih kupaca.<\/p>\n<\/div><\/div><\/div><\/div><\/div><\/p>\n","protected":false},"excerpt":{"rendered":"","protected":false},"author":1,"featured_media":0,"parent":0,"menu_order":0,"comment_status":"closed","ping_status":"closed","template":"100-width.php","meta":{"_seopress_robots_primary_cat":"","_seopress_titles_title":"","_seopress_titles_desc":"","_seopress_robots_index":"","footnotes":""},"class_list":["post-439","page","type-page","status-publish","hentry"],"_links":{"self":[{"href":"https:\/\/cobrayachtsadriatic.eu\/hr\/wp-json\/wp\/v2\/pages\/439","targetHints":{"allow":["GET"]}}],"collection":[{"href":"https:\/\/cobrayachtsadriatic.eu\/hr\/wp-json\/wp\/v2\/pages"}],"about":[{"href":"https:\/\/cobrayachtsadriatic.eu\/hr\/wp-json\/wp\/v2\/types\/page"}],"author":[{"embeddable":true,"href":"https:\/\/cobrayachtsadriatic.eu\/hr\/wp-json\/wp\/v2\/users\/1"}],"replies":[{"embeddable":true,"href":"https:\/\/cobrayachtsadriatic.eu\/hr\/wp-json\/wp\/v2\/comments?post=439"}],"version-history":[{"count":5,"href":"https:\/\/cobrayachtsadriatic.eu\/hr\/wp-json\/wp\/v2\/pages\/439\/revisions"}],"predecessor-version":[{"id":548,"href":"https:\/\/cobrayachtsadriatic.eu\/hr\/wp-json\/wp\/v2\/pages\/439\/revisions\/548"}],"wp:attachment":[{"href":"https:\/\/cobrayachtsadriatic.eu\/hr\/wp-json\/wp\/v2\/media?parent=439"}],"curies":[{"name":"wp","href":"https:\/\/api.w.org\/{rel}","templated":true}]}}